{"id":11655,"date":"2017-10-23T08:08:46","date_gmt":"2017-10-23T06:08:46","guid":{"rendered":"https:\/\/www.pimodul.si\/pogoji-uporabe\/"},"modified":"2024-03-10T21:51:30","modified_gmt":"2024-03-10T20:51:30","slug":"terms-of-use-and-legal-notice","status":"publish","type":"page","link":"https:\/\/www.pimodul.si\/en\/terms-of-use-and-legal-notice\/","title":{"rendered":"Terms of Use and Legal Notice"},"content":{"rendered":"<header class=\"entry-header\">\n<h1 class=\"entry-title mb-5\">Pravno obvestilo in izjava o varstvu osebnih podatkov<\/h1>\n<div class=\"entry-meta\"><\/div>\n<\/header>\n<div class=\"entry-content\">\n<h2>Uvod<\/h2>\n<p>Spletna stran je za namen tega obvestila pojem, ki zajema vse spletne strani na naslovu pimodul.si (v nadaljevanju: spletna stran).<\/p>\n<h2>Vsebina spletne strani<\/h2>\n<p>Vse vsebine, ki se nahajajo na spletni strani, so informativnega zna\u010daja in slu\u017eijo predvsem informiranju. Pi-modul d.o.o., \u00a0se obvezuje, da bo storila vse, kar je v njeni mo\u010di, da bodo podatki na spletni strani resni\u010dni, zanesljivi in kakovostni. S tem pa ne odgovarja za morebitne tipkarske napake in za zamude ter pomanjkljivosti pri vna\u0161anju a\u017eurnih podatkov.<\/p>\n<h2>Za\u0161\u010dita avtorskih pravic<\/h2>\n<p>Spletna stran je izklju\u010dna last podjetja Pi-modul d.o.o. Uporabnikom ni dovoljena uporaba dokumentov, slik, besedil in drugih podatkov, ki so del te spletne strani. Pi-modul d.o.o. ima na vseh gradivih materialne in moralne avtorske pravice.<\/p>\n<h2>Za\u0161\u010dita zasebnosti in pi\u0161kotki<\/h2>\n<p>Ob prvem obisku spletnega mesta, se na va\u0161 ra\u010dunalnik shranijo \u201cpi\u0161kotki\u201d, ki \u00a0jih lahko tudi sami odstranite ali pa z ustreznimi nastavitvami prepre\u010dite, da bi se shranili. Pi\u0161kotki so majhne datoteke, ki se nalo\u017eijo na va\u0161 ra\u010dunalnik z namenom izbolj\u0161anja uporabni\u0161ke izku\u0161nje. Kot ve\u010dina spletnih mest vam posku\u0161amo s pi\u0161kotki zagotoviti bolj\u0161o, hitrej\u0161o in varnej\u0161o izku\u0161njo.<\/p>\n<p>Upravljavec spo\u0161tuje va\u0161o zasebnost in se obvezuje, da bo podatke uporabnikov varoval v skladu z veljavno zakonodajo (Zakonom o elektronski komunikaciji; ZEKom-1, Ur. l. RS, \u0161t. 109\/2012 in nasl.) in Splo\u0161no uredbo o varstvu osebnih podatkov (UREDBA EU 2016\/679).<\/p>\n<p>Kot uporabnik spletnega mesta Pi-modul lahko pi\u0161kotke kadarkoli sprejmete ali jih zavrnete. \u010ce ne \u017eelite sprejemati pi\u0161kotkov, nastavite svoj brskalnik tako, da izbri\u0161e vse pi\u0161kotke s trdega diska ra\u010dunalnika, jih blokira ali vas opozori, preden se pi\u0161kotek shrani na disk.<\/p>\n<p>Vse o pi\u0161kotkih in podatki o pi\u0161kotkih, ki jih uporabljamo na spletnem mestu Pi-modul, so podrobneje predstavljeni\u00a0<a href=\"https:\/\/veseljedogibanja.si\/piskotki\/\">tukaj<\/a>.<\/p>\n<h2>Varstvo osebnih podatkov \u2013 Izjava o varstvu osebnih podatkov<\/h2>\n<h3>Splo\u0161ne dolo\u010dbe<\/h3>\n<p>Izjava o varstvu osebnih podatkov vsebuje informacije o zbiranju osebnih podatkov uporabnikov v okviru spletne strani Pi-modul, ki vklju\u010duje vse spletne strani in podstrani Pi-modul (pimodul.si), ki jih upravlja Pi-modul d.o.o., ter informacije o obdelavi in varstvu na ta na\u010din zbranih osebnih podatkov uporabnikov spletne strani Pi-modul.<\/p>\n<p>Kot upravljavec spletne strani Pi-modul d.o.o., pridr\u017euje pravico, da pravno obvestilo in izjavo o varstvu osebnih podatkov ob\u010dasno dopolnjuje in posodablja v skladu s tehni\u010dnimi novostmi in zakonodajo brez predhodne najave ali obve\u0161\u010danja uporabnikov.<\/p>\n<h3>Zbiranje in obdelava osebnih podatkov<\/h3>\n<h4>Naro\u010danje na e-novice<\/h4>\n<p>Pri naro\u010danju na e-novice na spletni strani Pi-modul se poleg va\u0161e IP \u0161tevilke shrani va\u0161e ime in naslov elektronske po\u0161te, ki ga vpi\u0161ete v spletni obrazec.<\/p>\n<p>Ime in naslov elektronske po\u0161te kot uporabnik spletne strani Pi-modul vnesete izrecno prostovoljno.<\/p>\n<h4>Prijava na dogodke in dejavnosti<\/h4>\n<p>Pri prijavi na dogodke in dejavnosti na spletni strani Pi-modul se poleg va\u0161e IP \u0161tevilke zbirajo ime in naslov elektronske po\u0161te, ki ju vpi\u0161ete v spletni obrazec.<\/p>\n<p>Ime in naslov elektronske po\u0161te kot uporabnik spletne strani Pi-modul vnesete izrecno prostovoljno.<\/p>\n<h4>Katere podatke \u0161e zbiramo avtomatizirano?<\/h4>\n<p>Pri vsakem dostopu uporabnika na na\u0161o spletno stran in pri vsakem prenosu katere od datotek shranimo tudi podatke o dostopu v obliki protokolnih datotek, deloma pa jih shranijo tudi tretje osebe.<\/p>\n<p>Vsak podatkovni zapis vsebuje:<\/p>\n<ul>\n<li>spletno stran, s katere ste dostopali na na\u0161o stran;<\/li>\n<li>IP-naslov;<\/li>\n<li>datum in \u010das dostopa;<\/li>\n<li>zahtevo klienta;<\/li>\n<li>kodo http-odgovora;<\/li>\n<li>preneseno koli\u010dino podatkov;<\/li>\n<li>informacijo o va\u0161em brskalniku in operacijskem sistemu.<\/li>\n<\/ul>\n<p>Osebne podatke, ki nam jih posredujete (ime, naslov elektronske po\u0161te) uporabljamo samo v namen, za katerega ste nam podatke zaupali.<\/p>\n<p>Protokolne datoteke in v njih vsebovane podatke shranjujemo predvsem zaradi varovanja na\u0161ih sistemov in zaznavanja morebitnih napadov na na\u0161e sisteme. Podatkov iz protokolnih datotek ni mo\u017eno povezovati s posamezniki in s podatki iz drugih virov.<\/p>\n<h3>Privolitev<\/h3>\n<p>V skladu s Splo\u0161no uredbo o varstvu osebnih podatkov \u00a0(UREDBA EU 2016\/679) sme upravljavec osebnih podatkov obdelovati osebne podatke, \u010de je podana osebna privolitev posameznika. V primeru uporabe spletne strani Pi-modul se za osebno privolitev \u0161teje ravnanje uporabnika, ki z vnosom podatkov v spletni obrazec in izvedbo po\u0161iljanja podatkov potrdi, da se strinja s to Izjavo o varstvu osebnih podatkov.<\/p>\n<p>Upravljavec ne prevzema odgovornosti za verodostojnost, to\u010dnost in a\u017eurnost osebnih podatkov in kontaktnih podatkov, ki jih posreduje uporabnik.<\/p>\n<p>Pi-modul d.o.o. tako zbrane podatke, ki jih je uporabnik vnesel v spletni obrazec, obdeluje za namene, za katere jih kot uporabnik spletnega mesta Pi-modul posredujete.<\/p>\n<h3>Namen zbiranja osebnih podatkov<\/h3>\n<p>Ti nameni so:<\/p>\n<ul>\n<li>komuniciranje in obve\u0161\u010danje,<\/li>\n<li>po\u0161iljanje informacij, gradiva in vabil na dogodke in nagradne igre,<\/li>\n<li>statisti\u010dne obdelave,<\/li>\n<li>segmentiranje,<\/li>\n<li>analize dostave, odpiranja in branosti elektronskih novic,<\/li>\n<li>priprave poro\u010dil,<\/li>\n<li>za anketiranje,<\/li>\n<li>za remarketing.<\/li>\n<\/ul>\n<p>Podatki o va\u0161i prijavi se shranjujejo in obdelujejo, dokler se ne odjavite od storitve obve\u0161\u010danja po elektronski po\u0161ti preko naslova elektronske po\u0161te info@pimodul.si oziroma na naslov elektronske po\u0161te info@pimodul.si ne posredujete svoje pisne zahteve za umik soglasja za obdelavo osebnih podatkov.<\/p>\n<h3>Po\u0161iljanje masovne elektronske po\u0161te in elektronskih novic<\/h3>\n<p>Spletna stran Pi-modul \u00a0uporablja za po\u0161iljanje elektronski novic in drugih masovnih sporo\u010dil storitev Mailchimp, ki je v lasti podjetja The Rocket Science Group, LLC<br \/>\n675 Ponce de Leon Ave NE, Suite 5000, Atlanta, GA 30308 USA.<\/p>\n<p>S soglasjem za po\u0161iljanje elektronskih novic sogla\u0161ate tudi z uporabo ponudnika po\u0161iljanja masovne elektronske po\u0161te. V ta namen sogla\u0161ate, da z njimi delite svoje osebne podatke (ime, naslov elektronske po\u0161te).<\/p>\n<p>Ponudnik po\u0161iljanja masovne elektronske po\u0161te zagotavlja skladnost s Splo\u0161no uredbo o varstvu osebnih podatkov (UREDBA EU 2016\/679).<\/p>\n<p>Splo\u0161ni pogoji ponudnika Mailchimp so dostopni\u00a0<a href=\"https:\/\/mailchimp.com\/legal\/\" target=\"_blank\" rel=\"noopener noreferrer\">tukaj<\/a>.<\/p>\n<h3>Vti\u010dniki dru\u017ebenih omre\u017eij in Google Analytics<\/h3>\n<p>To spletno mesto uporablja vti\u010dnike dru\u017ebenih omre\u017eij za dru\u017ebena omre\u017eja Facebook (Facebook Inc., 1601 South California Avenue, Palo Alto, CA 94304, ZDA), YouTube (YouTube, LLC 901 Cherry Ave., 94066 San Bruno, CA, ZDA, h\u010derinsko podjetje podjetja Google Inc.., Amphitheatre Parkway, Mountain View, CA 94043, ZDA), Twitter (Twitter Inc., One Cumberland Place, Fenian Street, Dublin 2 D02 AX07 Ireland) in Google Analytics, orodje za izvajanje spletne analitike, ki je v lasti dru\u017ebe Google Inc. (Google Inc., glej zgoraj).<\/p>\n<h4>Vti\u010dniki dru\u017ebenih omre\u017eij<\/h4>\n<p>Z vti\u010dniki dru\u017ebenih omre\u017eij smo povezali spletno stran pimodul.si z dru\u017ebenimi omre\u017eji. Vgradnja vti\u010dnikov dru\u017ebenih omre\u017eij pomeni, da se osebni in s tem povezani podatki posredujejo ponudniku vti\u010dnikov dru\u017ebenih omre\u017eij. Poleg tega bo aktiviran vti\u010dnik dru\u017ebenega omre\u017eja, \u010de ste prijavljeni tudi v dru\u017ebeno omre\u017eje, omogo\u010dil, da se va\u0161e aktivnosti dodelijo va\u0161emu profilu.<\/p>\n<p>Vti\u010dnik se aktivira le, \u010de kliknete na simbol vti\u010dnika. \u010ce tega ne storite, se va\u0161i podatki (IP naslov) ne bodo delili z dru\u017ebenim omre\u017ejem.<\/p>\n<p>Izrecno poudarjamo, da nimamo vpliva na obseg, vrsto ali namen obdelave va\u0161ih osebnih ali s tem povezanih podatkov s strani ponudnika storitev dru\u017ebenih omre\u017eij.<\/p>\n<p>Za ve\u010d informacij si prosimo, preberite njihove pravilnike!<\/p>\n<p>Facebookov pravilnik je dostopen\u00a0<a href=\"https:\/\/www.facebook.com\/privacy\/explanation\" target=\"_blank\" rel=\"noopener noreferrer\">tukaj<\/a>.<\/p>\n<p>YouTubov pravilnik je dostopen\u00a0<a href=\"https:\/\/policies.google.com\/privacy\" target=\"_blank\" rel=\"noopener noreferrer\">tukaj<\/a>.<\/p>\n<p>Twitterjev pravilnik je dostopen\u00a0<a href=\"https:\/\/twitter.com\/en\/privacy\" target=\"_blank\" rel=\"noopener noreferrer\">tukaj<\/a>.<\/p>\n<h4>Google Analytics<\/h4>\n<p>Vse o varstvu osebnih podatkov dru\u017ebe Google Inc. najdete\u00a0<a href=\"https:\/\/policies.google.com\/privacy\" target=\"_blank\" rel=\"noopener noreferrer\">tukaj<\/a>.<\/p>\n<p>S pomo\u010djo Google Analytics s t.i. pi\u0161kotki dru\u017eba Pi-modul d.o.o. izvaja analiziranje uporabnikove rabe spletne strani Pi-modul.<\/p>\n<p>Google obdeluje pridobljene informacije v imenu upravljavcev spletnih strani z namenom, da analizira uporabo le-teh, sestavlja poro\u010dila o obisku na spletnem mestu in aktivnostih ter upravljalcu omogo\u010da oblikovanje dodatnih storitev, povezanih z uporabo spletnih strani.<\/p>\n<p>S pi\u0161kotki pridobljene informacije o rabi te spletne strani se lahko prena\u0161ajo in shranjujejo na stre\u017enike dru\u017ebe Google Inc. v ZDA.<\/p>\n<h3>Remarketing in retargetiranje<\/h3>\n<p>Za namene remarketinga in retargetiranja na drugih platformah, t. j. posredovanja sporo\u010dil, ki bi vas utegnila zanimati glede na izkazano zanimanje in vnos va\u0161ih osebnih podatkov na na\u0161i spletni strani, lahko va\u0161e podatke za\u010dasno vnesemo v dru\u017ebeno omre\u017eje Facebook, Twitter, You Tube (glej zgoraj za splo\u0161ne pogoje ponudnikov dru\u017ebenih omre\u017eij) in Google Adwords (lastnik je podjetje Google Inc., glej zgoraj za splo\u0161ne pogoje).<\/p>\n<p>Vsi na\u0161teti zagotavljajo skladnost s Splo\u0161no uredbo o varstvu osebnih podatkov (UREDBA EU 2016\/679).<\/p>\n<p>Va\u0161 naslov elektronske po\u0161te in ime bo v tem primeru uporabljen za ustvarjanje prilagojenega ob\u010dinstvo in\/ali podobnega ob\u010dinstva glede na dane podatke.<\/p>\n<p>Va\u0161 naslov elektronske po\u0161te, ime ter IP naslov se lahko uporabi tudi za prikaz oglasov na omenjenih dru\u017ebenih omre\u017ejih in v iskalnem omre\u017eju Google glede na va\u0161e izkazano zanimanje.<\/p>\n<h3>Varovanje podatkov<\/h3>\n<p>Pi-modul d.o.o. se zaveda, da je varovanje osebnih podatkov za uporabnike zelo pomembno, zato se obvezuje, da bo podatke uporabnikov skrbno varovala in za\u0161\u010ditila pred izgubo, spremembami, krajo ali dostopom nepoobla\u0161\u010denih tretjih oseb.<\/p>\n<p>Zaupane osebne podatke lahko delimo z na\u0161imi zastopniki, izvajalci ali partnerji v zvezi z delom, ki ga opravljajo za ali skupaj z nami, kot je po\u0161iljanje elektronskih sporo\u010dil, upravljanje podatkov, gostovanje na\u0161ih podatkovnih baz, zagotavljanje storitev obdelave podatkov, zagotavljanje storitev. Ti zastopniki, izvajalci ali partnerji ne smejo podatkov uporabljati na noben drug na\u010din, razen za zagotavljanje storitev za nas ali storitev, pri katerih sodelujejo skupaj z nami.<\/p>\n<p>Osebne podatke uporabnikov, ki se zbirajo prek spletnega mesta Pi-modul, bo Pi-modul d.o.o. \u00a0varovala v skladu z veljavnimi predpisi o varstvu osebnih podatkov (Zakon o varstvu osebnih podatkov; ZVOP-1, Ur. l. RS, \u0161t. 86\/2004 in nasl.) oziroma zakonom, ki bo nadomestil ZVOP-1, v skladu s Splo\u0161no uredbo o varstvu osebnih podatkov (UREDBA EU 2016\/679) in to Izjavo o varstvu osebnih podatkov.<\/p>\n<h3>Va\u0161e pravice<\/h3>\n<p>V skladu s Splo\u0161no uredbo o varstvu osebnih podatkov (UREDBA EU 2016\/679) imate pravico do:<\/p>\n<ul>\n<li>pridobitve potrdila, kateri podatki se zbirajo v zvezi z vami,<\/li>\n<li>dostopa do podatkov, ki se nana\u0161ajo na vas,<\/li>\n<li>izpisa podatkov, ki se zbirajo v zvezi z vami,<\/li>\n<li>popravka va\u0161ih podatkov,<\/li>\n<li>omejitve obdelave va\u0161ih podatkov,<\/li>\n<li>izbrisa podatkov ter<\/li>\n<li>prenosljivosti podatkov.<\/li>\n<\/ul>\n<p>Svoje pravice lahko uveljavljate pri podjetju Pi-modul d.o.o. brezpla\u010dno.<\/p>\n<p>Vsa svoja vpra\u0161anja, povezana z varstvom osebnih podatkov, zbranih prek spletne strani Pi-modul, ki se nana\u0161ajo na vas po\u0161ljite na naslov elektronske po\u0161te info@pimodul.si.<\/p>\n<h3>Umik soglasja za obdelavo osebnih podatkov<\/h3>\n<p>Kot uporabnik spletne strani Pi-modul lahko kadarkoli (z odjavo na elektronski naslov info@pimodul.si) pisno zahtevate, da upravljavec trajno ali za\u010dasno, deloma ali v celoti preneha obdelovati va\u0161e osebne podatke. Pi-modul d.o.o. se zavezuje, da bo najkasneje v 15 (petnajstih) dneh po prejetju pisne zahteve ustrezno prepre\u010dila obdelavo in\/ali izbrisala osebne podatke uporabnika.<\/p>\n<p>Od prejemanja elektronskih novic se lahko odjavite tudi z uporabo gumba za odjavo, ki se nahaja v vsakih elektronski novicah.<\/p>\n<h3>Posredovanje<\/h3>\n<p>Pi-modul d.o.o. se zavezuje, da osebnih podatkov uporabnikov, zbranih na spletni strani Pi-modul, brez izrecnega soglasja uporabnika ne bo posredovala tretjim osebam razen v zakonsko dolo\u010denih primerih.<\/p>\n<h3>Rok hrambe osebnih podatkov<\/h3>\n<p>Posredovani osebni podatki se bodo shranjevali in uporabljali toliko \u010dasa, dokler bo to potrebno za dosego namena, zaradi katerega so bili obdelovani.<\/p>\n<p>Va\u0161e podatke bomo takoj po prenehanju razlogov, zaradi katerih smo jih pridobili, trajno izbrisali, razen podatkov, ki jih je potrebno hraniti v skladu z zakonskimi predpisi.<\/p>\n<p>Osebne podatke, ki ste nam jih posredovali ob prijavi na elektronske novice, hranimo do preklica. Soglasje za obdelavo in uporabo osebnih podatkov lahko kadarkoli prekli\u010dete.<\/p>\n<p>Preklic privolitve ne vpliva na zakonitost obdelave podatkov pred preklicem.Vse zbrane osebne podatke hranimo v skladu z veljavno zakonodajo.<\/p>\n<p>\u010ce ste se prijavili na spletne novice, lahko odjavo kadarkoli uredite preko na\u0161e spletne strani. Odjavo lahko uredite s sporo\u010dilom na info@pimodul.si ali v vsakih spletnih novicah, ki vam jih po\u0161ljemo.<\/p>\n<p>Na\u0161e spletne strani vsebujejo povezave do drugih spletnih strani. Ta opozorila glede varstva osebnih podatkov veljajo le za na\u0161e spletne strani.<\/p>\n<h3>Kon\u010dne dolo\u010dbe<\/h3>\n<p>\u010ce je, ali postane, katero izmed dolo\u010dil teh splo\u0161nih pogojev nezakonito, neveljavno ali neizvr\u0161ljivo, to ne vpliva na veljavnost drugih dolo\u010db splo\u0161nih pogojev.<\/p>\n<p>Na vpra\u0161anja uporabnika o zaupnosti uporabnikovih podatkov, na\u010dinu zbiranja in uporabi podatkov ali \u017eelje po dodatnih informacijah, bo odgovorila odgovorna oseba za upravljanje s podatki spletnega mesta Pi-modul.<\/p>\n<p>Pi-modul d.o.o.<\/p>\n<p>Vrhpolje pri Kamniku 170, 1241 Kamnik<\/p>\n<p>Odgovorna oseba za poro\u010danje: info@pimodul.si<\/p>\n<h2>Sprememba pogojev<\/h2>\n<p>Pi-modul d.o.o. si pridr\u017euje pravico do spreminjanja teh pogojev brez predhodnega opozorila. Spremembe za\u010dnejo veljati takoj, ko so objavljene.<\/p>\n<p>Pi-modul d.o.o. si pridru\u017euje pravico do zamenjave ali dopolnitve posameznega obdelovalca podatkov. Ne glede na to bodo zaupani podatki v vsakem trenutku uporabljeni zgolj z namenom, za katerega so nam bili zaupani.<\/p>\n<h2>Zaklju\u010dek<\/h2>\n<p>Z vstopom na spletno stran sogla\u0161ate, da ste seznanjeni in se strinjate z vsemi zgoraj navedenimi pogoji.<\/p>\n<p>Ljubljana, 28. junij 2018<\/p>\n<\/div>\n","protected":false},"excerpt":{"rendered":"<p>Pravno obvestilo in izjava o varstvu osebnih podatkov Uvod Spletna stran je za namen tega obvestila pojem, ki zajema vse spletne strani na naslovu pimodul.si (v nadaljevanju: spletna stran). Vsebina spletne strani Vse vsebine, ki se nahajajo na spletni strani, so informativnega zna\u010daja in slu\u017eijo predvsem informiranju. Pi-modul d.o.o., \u00a0se obvezuje, da bo storila vse, &hellip;<\/p>\n","protected":false},"author":6,"featured_media":0,"parent":0,"menu_order":6,"comment_status":"closed","ping_status":"closed","template":"","meta":{"_monsterinsights_skip_tracking":false,"_monsterinsights_sitenote_active":false,"_monsterinsights_sitenote_note":"","_monsterinsights_sitenote_category":0,"footnotes":""},"yoast_head":"<!-- This site is optimized with the Yoast SEO plugin v22.4 - https:\/\/yoast.com\/wordpress\/plugins\/seo\/ -->\n<title>Pogoji Uporabe in Pravno Obvestilo Spletne Strani Pi-Modul d.o.o.<\/title>\n<meta name=\"description\" content=\"Vse vsebine, ki se nahajajo na spletni strani pimodul.si, so informativnega zna\u010daja in slu\u017eijo predvsem informiranju ter izobra\u017eevanju obiskovalcev.\" \/>\n<meta name=\"robots\" content=\"index, follow, max-snippet:-1, max-image-preview:large, max-video-preview:-1\" \/>\n<link rel=\"canonical\" href=\"https:\/\/www.pimodul.si\/en\/terms-of-use-and-legal-notice\/\" \/>\n<meta property=\"og:locale\" content=\"en_US\" \/>\n<meta property=\"og:type\" content=\"article\" \/>\n<meta property=\"og:title\" content=\"Pogoji Uporabe in Pravno Obvestilo Spletne Strani Pi-Modul d.o.o.\" \/>\n<meta property=\"og:description\" content=\"Vse vsebine, ki se nahajajo na spletni strani pimodul.si, so informativnega zna\u010daja in slu\u017eijo predvsem informiranju ter izobra\u017eevanju obiskovalcev.\" \/>\n<meta property=\"og:url\" content=\"https:\/\/www.pimodul.si\/en\/terms-of-use-and-legal-notice\/\" \/>\n<meta property=\"og:site_name\" content=\"PI-MODUL\" \/>\n<meta property=\"article:modified_time\" content=\"2024-03-10T20:51:30+00:00\" \/>\n<meta name=\"twitter:card\" content=\"summary_large_image\" \/>\n<meta name=\"twitter:label1\" content=\"Est. reading time\" \/>\n\t<meta name=\"twitter:data1\" content=\"11 minutes\" \/>\n<script type=\"application\/ld+json\" class=\"yoast-schema-graph\">{\"@context\":\"https:\/\/schema.org\",\"@graph\":[{\"@type\":\"WebPage\",\"@id\":\"https:\/\/www.pimodul.si\/en\/terms-of-use-and-legal-notice\/\",\"url\":\"https:\/\/www.pimodul.si\/en\/terms-of-use-and-legal-notice\/\",\"name\":\"Pogoji Uporabe in Pravno Obvestilo Spletne Strani Pi-Modul d.o.o.\",\"isPartOf\":{\"@id\":\"https:\/\/www.pimodul.si\/#website\"},\"datePublished\":\"2017-10-23T06:08:46+00:00\",\"dateModified\":\"2024-03-10T20:51:30+00:00\",\"description\":\"Vse vsebine, ki se nahajajo na spletni strani pimodul.si, so informativnega zna\u010daja in slu\u017eijo predvsem informiranju ter izobra\u017eevanju obiskovalcev.\",\"breadcrumb\":{\"@id\":\"https:\/\/www.pimodul.si\/en\/terms-of-use-and-legal-notice\/#breadcrumb\"},\"inLanguage\":\"en-US\",\"potentialAction\":[{\"@type\":\"ReadAction\",\"target\":[\"https:\/\/www.pimodul.si\/en\/terms-of-use-and-legal-notice\/\"]}]},{\"@type\":\"BreadcrumbList\",\"@id\":\"https:\/\/www.pimodul.si\/en\/terms-of-use-and-legal-notice\/#breadcrumb\",\"itemListElement\":[{\"@type\":\"ListItem\",\"position\":1,\"name\":\"Home\",\"item\":\"https:\/\/www.pimodul.si\/en\/\"},{\"@type\":\"ListItem\",\"position\":2,\"name\":\"Terms of Use and Legal Notice\"}]},{\"@type\":\"WebSite\",\"@id\":\"https:\/\/www.pimodul.si\/#website\",\"url\":\"https:\/\/www.pimodul.si\/\",\"name\":\"PI-MODUL\",\"description\":\"alu stavbno pohi\u0161tvo in modularni mobilni objekti\",\"potentialAction\":[{\"@type\":\"SearchAction\",\"target\":{\"@type\":\"EntryPoint\",\"urlTemplate\":\"https:\/\/www.pimodul.si\/?s={search_term_string}\"},\"query-input\":\"required name=search_term_string\"}],\"inLanguage\":\"en-US\"}]}<\/script>\n<!-- \/ Yoast SEO plugin. -->","yoast_head_json":{"title":"Pogoji Uporabe in Pravno Obvestilo Spletne Strani Pi-Modul d.o.o.","description":"Vse vsebine, ki se nahajajo na spletni strani pimodul.si, so informativnega zna\u010daja in slu\u017eijo predvsem informiranju ter izobra\u017eevanju obiskovalcev.","robots":{"index":"index","follow":"follow","max-snippet":"max-snippet:-1","max-image-preview":"max-image-preview:large","max-video-preview":"max-video-preview:-1"},"canonical":"https:\/\/www.pimodul.si\/en\/terms-of-use-and-legal-notice\/","og_locale":"en_US","og_type":"article","og_title":"Pogoji Uporabe in Pravno Obvestilo Spletne Strani Pi-Modul d.o.o.","og_description":"Vse vsebine, ki se nahajajo na spletni strani pimodul.si, so informativnega zna\u010daja in slu\u017eijo predvsem informiranju ter izobra\u017eevanju obiskovalcev.","og_url":"https:\/\/www.pimodul.si\/en\/terms-of-use-and-legal-notice\/","og_site_name":"PI-MODUL","article_modified_time":"2024-03-10T20:51:30+00:00","twitter_card":"summary_large_image","twitter_misc":{"Est. reading time":"11 minutes"},"schema":{"@context":"https:\/\/schema.org","@graph":[{"@type":"WebPage","@id":"https:\/\/www.pimodul.si\/en\/terms-of-use-and-legal-notice\/","url":"https:\/\/www.pimodul.si\/en\/terms-of-use-and-legal-notice\/","name":"Pogoji Uporabe in Pravno Obvestilo Spletne Strani Pi-Modul d.o.o.","isPartOf":{"@id":"https:\/\/www.pimodul.si\/#website"},"datePublished":"2017-10-23T06:08:46+00:00","dateModified":"2024-03-10T20:51:30+00:00","description":"Vse vsebine, ki se nahajajo na spletni strani pimodul.si, so informativnega zna\u010daja in slu\u017eijo predvsem informiranju ter izobra\u017eevanju obiskovalcev.","breadcrumb":{"@id":"https:\/\/www.pimodul.si\/en\/terms-of-use-and-legal-notice\/#breadcrumb"},"inLanguage":"en-US","potentialAction":[{"@type":"ReadAction","target":["https:\/\/www.pimodul.si\/en\/terms-of-use-and-legal-notice\/"]}]},{"@type":"BreadcrumbList","@id":"https:\/\/www.pimodul.si\/en\/terms-of-use-and-legal-notice\/#breadcrumb","itemListElement":[{"@type":"ListItem","position":1,"name":"Home","item":"https:\/\/www.pimodul.si\/en\/"},{"@type":"ListItem","position":2,"name":"Terms of Use and Legal Notice"}]},{"@type":"WebSite","@id":"https:\/\/www.pimodul.si\/#website","url":"https:\/\/www.pimodul.si\/","name":"PI-MODUL","description":"alu stavbno pohi\u0161tvo in modularni mobilni objekti","potentialAction":[{"@type":"SearchAction","target":{"@type":"EntryPoint","urlTemplate":"https:\/\/www.pimodul.si\/?s={search_term_string}"},"query-input":"required name=search_term_string"}],"inLanguage":"en-US"}]}},"_links":{"self":[{"href":"https:\/\/www.pimodul.si\/en\/wp-json\/wp\/v2\/pages\/11655"}],"collection":[{"href":"https:\/\/www.pimodul.si\/en\/wp-json\/wp\/v2\/pages"}],"about":[{"href":"https:\/\/www.pimodul.si\/en\/wp-json\/wp\/v2\/types\/page"}],"author":[{"embeddable":true,"href":"https:\/\/www.pimodul.si\/en\/wp-json\/wp\/v2\/users\/6"}],"replies":[{"embeddable":true,"href":"https:\/\/www.pimodul.si\/en\/wp-json\/wp\/v2\/comments?post=11655"}],"version-history":[{"count":1,"href":"https:\/\/www.pimodul.si\/en\/wp-json\/wp\/v2\/pages\/11655\/revisions"}],"predecessor-version":[{"id":12025,"href":"https:\/\/www.pimodul.si\/en\/wp-json\/wp\/v2\/pages\/11655\/revisions\/12025"}],"wp:attachment":[{"href":"https:\/\/www.pimodul.si\/en\/wp-json\/wp\/v2\/media?parent=11655"}],"curies":[{"name":"wp","href":"https:\/\/api.w.org\/{rel}","templated":true}]}}