{"id":11654,"date":"2020-01-21T09:02:35","date_gmt":"2020-01-21T08:02:35","guid":{"rendered":"https:\/\/www.pimodul.si\/splosni-pogoji\/"},"modified":"2024-03-10T21:49:50","modified_gmt":"2024-03-10T20:49:50","slug":"general-terms-and-conditions","status":"publish","type":"page","link":"https:\/\/www.pimodul.si\/en\/general-terms-and-conditions\/","title":{"rendered":"General terms and conditions"},"content":{"rendered":"\t\t<div data-elementor-type=\"wp-post\" data-elementor-id=\"11654\" class=\"elementor elementor-11654 elementor-9817\">\n\t\t\t\t\t\t<section class=\"elementor-section elementor-top-section elementor-element elementor-element-2b565a93 elementor-section-boxed elementor-section-height-default elementor-section-height-default\" data-id=\"2b565a93\" data-element_type=\"section\">\n\t\t\t\t\t\t<div class=\"elementor-container elementor-column-gap-default\">\n\t\t\t\t\t<div class=\"elementor-column elementor-col-100 elementor-top-column elementor-element elementor-element-3ac3ee3\" data-id=\"3ac3ee3\" data-element_type=\"column\">\n\t\t\t<div class=\"elementor-widget-wrap elementor-element-populated\">\n\t\t\t\t\t\t<div class=\"elementor-element elementor-element-5fd8d496 elementor-widget elementor-widget-text-editor\" data-id=\"5fd8d496\" data-element_type=\"widget\" data-widget_type=\"text-editor.default\">\n\t\t\t\t<div class=\"elementor-widget-container\">\n\t\t\t\t\t\t\t<h1>SPLO\u0160NI POGOJI<\/h1>\t\t\t\t\t\t<\/div>\n\t\t\t\t<\/div>\n\t\t\t\t<div class=\"elementor-element elementor-element-c276770 elementor-widget elementor-widget-text-editor\" data-id=\"c276770\" data-element_type=\"widget\" data-widget_type=\"text-editor.default\">\n\t\t\t\t<div class=\"elementor-widget-container\">\n\t\t\t\t\t\t\t<p><em>1. \u010dlen<\/em><\/p><p>Splo\u0161ni pogoji podjetja Pi-Modul d.o.o. veljajo za vse naro\u010dnike, ki potrdijo ponudbo in vstopijo v poslovno razmerje s podjetjem.<\/p><p><em>2. \u010dlen<\/em><br \/><em>(Uvodne ugotovitve)<\/em><\/p><p>Naro\u010dnik in izvajalec ugotavljata:<br \/>&#8211; da naro\u010dnik pri izvajalcu naro\u010da proizvode ali storitve, ki jih izvajalec izvaja v skladu s svojim poslovanjem;<br \/>&#8211; da bo izvajalec v skladu z naro\u010dilom naro\u010dnika proizvedel izdelke oz. izvedel storitve.<\/p><p><em>3. \u010dlen<\/em><br \/><em>(Cena)<\/em><\/p><p>Veljavna cena storitve ali izdelka je navedena na ponudbi in vsebuje vse postavke, ki so prav tako navedene na ponudbi. Naro\u010dnik s potrditvijo ponudbe potrjuje tako skupno ceno kot ceno vsake postavke. Cena je izra\u017eena v valuti EURO (EUR, \u20ac).<\/p><p><em>4. \u010dlen<\/em><br \/><em>(Rok izvedbe)<\/em><\/p><p>Izvajalec bo izvedel projekt v dogovorjenem roku izvedbe. V kolikor je \u017eeleni rok izvedbe s strani naro\u010dnika prekratek, ima izvajalec kapacitete \u017ee zapolnjene ali ne more ugoditi roku iz drugih relevantnih razlogov, se rok izvedbe prestavi na naslednji razpolo\u017eljivi termin.<\/p><p>V kolikor pride do prestavitve roka izvedbe zaradi razmer na gradbi\u0161\u010du\/objektu, zamuja naro\u010dnik s pripravo ali tretja oseba povzro\u010di zamik izvedbe, se izvajalec in naro\u010dnik dogovorita o novem roku izvedbe, ki bo dolo\u010den glede na proste kapacitete izvajalca.<\/p><p>V kolikor pride do zamud na projektu, za katere ni kriv izvajalec in ki zamaknejo izvedbo projekta za ve\u010d kot 2 tedna, je naro\u010dnik dol\u017ean poravnati mese\u010dne obra\u010dune, ki jih bo izvajalec pripravil za \u017ee dobavljene elemente oz. izvedene storitve za omenjeni projekt.<\/p><p>V kolikor pride do prekinitve sodelovanja pred zaklju\u010dkom projekta, bo izvajalec pripravil obra\u010dun za izvedena dela, naro\u010dnik pa se zavezuje poravnati znesek obra\u010duna v pla\u010dilnem roku.<\/p><p><em>5. \u010dlen<\/em><br \/><em>(Dodatna dela)<\/em><\/p><p>Vsa dodatna dela, ki niso del potrjene ponudbe, so lahko dogovorjena pisno ali ustno. Izvajalec bo v doglednih rokih glede na zasedenost kapacitete, izvedel dodatna dela, za katera bo pripravil obra\u010dun in izstavil ra\u010dun naro\u010dniku. Naro\u010dnik se zavezuje, da bo poravnal ra\u010dun za dodatna dela v pla\u010dilnem roku.<\/p><p><em>6. \u010dlen<\/em><br \/><em>(Zaklju\u010dki)<\/em><\/p><p>Zaklju\u010dki pri monta\u017ei alu stavbnega pohi\u0161tva, steklenih predelnih sten in poslovnih paviljonov se obra\u010dunajo po zaklju\u010denem projektu, ker so odvisni od ve\u010d razli\u010dnih faktorjev in jih ni mo\u010d natan\u010dno predvideti v naprej. Zaklju\u010dki obsegajo zaklju\u010dne maske, kotnike, trakove, atike in podobno, ki so lahko iz razli\u010dnih materialov in v razli\u010dnih barvah. Naro\u010dnik potrjuje, da je seznanjen s tem in se zavezujejo poravnati ra\u010dun za zaklju\u010dke v pla\u010dilnem roku.<\/p><p><em>7. \u010dlen<\/em><br \/><em>(Pla\u010dila)<\/em><\/p><p>Vsa pla\u010dila se izvajajo na odprte transakcijske ra\u010dune izvajalca, ki so navedeni na ponudbah oz. ra\u010dunih. Naro\u010dnik se zavezuje poravnati ra\u010dune v pla\u010dilnih rokih. V primeru zamud s pla\u010dilom ima izvajalec pravico, da zara\u010duna zakonske zamudne obresti. V primeru zamud s pla\u010dilom za ve\u010d kot 30 dni ima izvajalec pravico, da dobavljene in\/ali montirane elemente zase\u017ee in odpelje iz objekta oz. gradbi\u0161\u010da. Stro\u0161ke demonta\u017ee in odvoza elementov krije naro\u010dnik. Naro\u010dnik mora izvajalcu omogo\u010diti nemoten prehod do lokacije elementov in nemoteno demonta\u017eo ter odvoz.<\/p><p>Dokler naro\u010dnik ne poravna vseh obveznosti iz projekta, je izvajalec lastnik vseh dobavljenih in\/ali montiranih elementov.<\/p><p><em>8. \u010dlen<\/em><br \/><em>(Spremembe)<\/em><\/p><p>Po potrditvi ponudbe izvajalec naro\u010di material za proizvodnjo in monta\u017eo. Vse spremembe, \u017eelje, zahteve in detajle mora naro\u010dnik sporo\u010diti v pisni obliki ob potrditvi ponudbe. Naro\u010dnik mora prav tako predlo\u017eiti vse relevantne na\u010drte in skice, ki omogo\u010dajo izvajalcu nemoteno delo.<\/p><p>Vse spremembe projekta morajo biti sporo\u010dene pisno in veljalo le v primeru, da jih izvajalec potrdi. V primeru poznih sprememb \u2013 ko je izvajalec \u017ee naro\u010dil material, je material na barvanju in\/ali potekajo \u017ee proizvodna dela \u2013 bodo nastali dodatni stro\u0161ki sprememb, ki jih bo kril naro\u010dnik. Enako velja tudi v primeru naknadnih sprememb dimenzij elementov s strani naro\u010dnika.<\/p><p><em>9. \u010dlen<\/em><br \/><em>(Kakovost)<\/em><\/p><p>Izvajalec bo proizvedel, dobavil in\/ali montiral elemente v skladu z zahtevano kakovostjo, predpisi in zakonskimi zahtevami.<\/p><p><em>10. \u010dlen<\/em><br \/><em>(Izjave skladnosti in garancije)<\/em><\/p><p>Naro\u010dnik mora v primeru potrebe po izjavah o skladnosti in\/ali garancij pisno obvestiti izvajalca in to ob potrditvi ponudbe. Vse naknadne zahteve se bodo prav tako izvedle, vendar v okvirjih, ki so bili dolo\u010deni ob potrditvi ponudbe.<\/p><p><em style=\"letter-spacing: 0px;\">11. \u010dlen<\/em><\/p><p><em>(Izvensodno re\u0161evanje potro\u0161ni\u0161kih sporov)<\/em><\/p><p><span style=\"letter-spacing: 0px;\">Podjetje PI-MODUL D.O.O. v skladu s tretjim odstavkom 32. \u010dlena Zakona o izvensodnem re\u0161evanju potro\u0161ni\u0161kih sporov obve\u0161\u010da, da nobenega izvajalca izvensodnega re\u0161evanja potro\u0161ni\u0161kih sporov ne priznava kot pristojnega za re\u0161evanje potro\u0161ni\u0161kega spora, ki bi ga potro\u0161nik lahko spro\u017eil v skladu z Zakonom o izvensodnem re\u0161evanju potro\u0161ni\u0161kih sporov.<\/span><\/p><p>\u00a0<\/p><p><em>12. \u010dlen<\/em><br \/><em>(Veljavnost)<\/em><\/p><p>Splo\u0161ni pogoji podjetja Pi-Modul veljajo od 1.1.2019 naprej do preklica oz. do novej\u0161e verzije. S potrditvijo ponudbe naro\u010dnik sprejema in se strinja s Splo\u0161nimi pogoji.<\/p>\t\t\t\t\t\t<\/div>\n\t\t\t\t<\/div>\n\t\t\t\t\t<\/div>\n\t\t<\/div>\n\t\t\t\t\t<\/div>\n\t\t<\/section>\n\t\t\t\t<\/div>\n\t\t","protected":false},"excerpt":{"rendered":"<p>SPLO\u0160NI POGOJI 1. \u010dlen Splo\u0161ni pogoji podjetja Pi-Modul d.o.o. veljajo za vse naro\u010dnike, ki potrdijo ponudbo in vstopijo v poslovno razmerje s podjetjem. 2. \u010dlen (Uvodne ugotovitve) Naro\u010dnik in izvajalec ugotavljata: &#8211; da naro\u010dnik pri izvajalcu naro\u010da proizvode ali storitve, ki jih izvajalec izvaja v skladu s svojim poslovanjem; &#8211; da bo izvajalec v skladu &hellip;<\/p>\n","protected":false},"author":7,"featured_media":0,"parent":0,"menu_order":5,"comment_status":"closed","ping_status":"closed","template":"","meta":{"_monsterinsights_skip_tracking":false,"_monsterinsights_sitenote_active":false,"_monsterinsights_sitenote_note":"","_monsterinsights_sitenote_category":0,"footnotes":""},"yoast_head":"<!-- This site is optimized with the Yoast SEO plugin v22.4 - https:\/\/yoast.com\/wordpress\/plugins\/seo\/ -->\n<title>Splo\u0161ni pogoji dru\u017einskega podjetja Pi-Modul d.o.o.<\/title>\n<meta name=\"description\" content=\"Splo\u0161no pogoji podjetja Pi-Modul d.o.o. zajemajo odgovornosti in pravice, ki nastanejo ob sklenitvi poslovnega razmerja oz. sodelovanja.\" \/>\n<meta name=\"robots\" content=\"index, follow, max-snippet:-1, max-image-preview:large, max-video-preview:-1\" \/>\n<link rel=\"canonical\" href=\"https:\/\/www.pimodul.si\/en\/general-terms-and-conditions\/\" \/>\n<meta property=\"og:locale\" content=\"en_US\" \/>\n<meta property=\"og:type\" content=\"article\" \/>\n<meta property=\"og:title\" content=\"Splo\u0161ni pogoji dru\u017einskega podjetja Pi-Modul d.o.o.\" \/>\n<meta property=\"og:description\" content=\"Splo\u0161no pogoji podjetja Pi-Modul d.o.o. zajemajo odgovornosti in pravice, ki nastanejo ob sklenitvi poslovnega razmerja oz. sodelovanja.\" \/>\n<meta property=\"og:url\" content=\"https:\/\/www.pimodul.si\/en\/general-terms-and-conditions\/\" \/>\n<meta property=\"og:site_name\" content=\"PI-MODUL\" \/>\n<meta property=\"article:modified_time\" content=\"2024-03-10T20:49:50+00:00\" \/>\n<meta name=\"twitter:card\" content=\"summary_large_image\" \/>\n<meta name=\"twitter:label1\" content=\"Est. reading time\" \/>\n\t<meta name=\"twitter:data1\" content=\"5 minutes\" \/>\n<script type=\"application\/ld+json\" class=\"yoast-schema-graph\">{\"@context\":\"https:\/\/schema.org\",\"@graph\":[{\"@type\":\"WebPage\",\"@id\":\"https:\/\/www.pimodul.si\/en\/general-terms-and-conditions\/\",\"url\":\"https:\/\/www.pimodul.si\/en\/general-terms-and-conditions\/\",\"name\":\"Splo\u0161ni pogoji dru\u017einskega podjetja Pi-Modul d.o.o.\",\"isPartOf\":{\"@id\":\"https:\/\/www.pimodul.si\/#website\"},\"datePublished\":\"2020-01-21T08:02:35+00:00\",\"dateModified\":\"2024-03-10T20:49:50+00:00\",\"description\":\"Splo\u0161no pogoji podjetja Pi-Modul d.o.o. zajemajo odgovornosti in pravice, ki nastanejo ob sklenitvi poslovnega razmerja oz. sodelovanja.\",\"breadcrumb\":{\"@id\":\"https:\/\/www.pimodul.si\/en\/general-terms-and-conditions\/#breadcrumb\"},\"inLanguage\":\"en-US\",\"potentialAction\":[{\"@type\":\"ReadAction\",\"target\":[\"https:\/\/www.pimodul.si\/en\/general-terms-and-conditions\/\"]}]},{\"@type\":\"BreadcrumbList\",\"@id\":\"https:\/\/www.pimodul.si\/en\/general-terms-and-conditions\/#breadcrumb\",\"itemListElement\":[{\"@type\":\"ListItem\",\"position\":1,\"name\":\"Home\",\"item\":\"https:\/\/www.pimodul.si\/en\/\"},{\"@type\":\"ListItem\",\"position\":2,\"name\":\"General terms and conditions\"}]},{\"@type\":\"WebSite\",\"@id\":\"https:\/\/www.pimodul.si\/#website\",\"url\":\"https:\/\/www.pimodul.si\/\",\"name\":\"PI-MODUL\",\"description\":\"alu stavbno pohi\u0161tvo in modularni mobilni objekti\",\"potentialAction\":[{\"@type\":\"SearchAction\",\"target\":{\"@type\":\"EntryPoint\",\"urlTemplate\":\"https:\/\/www.pimodul.si\/?s={search_term_string}\"},\"query-input\":\"required name=search_term_string\"}],\"inLanguage\":\"en-US\"}]}<\/script>\n<!-- \/ Yoast SEO plugin. -->","yoast_head_json":{"title":"Splo\u0161ni pogoji dru\u017einskega podjetja Pi-Modul d.o.o.","description":"Splo\u0161no pogoji podjetja Pi-Modul d.o.o. zajemajo odgovornosti in pravice, ki nastanejo ob sklenitvi poslovnega razmerja oz. sodelovanja.","robots":{"index":"index","follow":"follow","max-snippet":"max-snippet:-1","max-image-preview":"max-image-preview:large","max-video-preview":"max-video-preview:-1"},"canonical":"https:\/\/www.pimodul.si\/en\/general-terms-and-conditions\/","og_locale":"en_US","og_type":"article","og_title":"Splo\u0161ni pogoji dru\u017einskega podjetja Pi-Modul d.o.o.","og_description":"Splo\u0161no pogoji podjetja Pi-Modul d.o.o. zajemajo odgovornosti in pravice, ki nastanejo ob sklenitvi poslovnega razmerja oz. sodelovanja.","og_url":"https:\/\/www.pimodul.si\/en\/general-terms-and-conditions\/","og_site_name":"PI-MODUL","article_modified_time":"2024-03-10T20:49:50+00:00","twitter_card":"summary_large_image","twitter_misc":{"Est. reading time":"5 minutes"},"schema":{"@context":"https:\/\/schema.org","@graph":[{"@type":"WebPage","@id":"https:\/\/www.pimodul.si\/en\/general-terms-and-conditions\/","url":"https:\/\/www.pimodul.si\/en\/general-terms-and-conditions\/","name":"Splo\u0161ni pogoji dru\u017einskega podjetja Pi-Modul d.o.o.","isPartOf":{"@id":"https:\/\/www.pimodul.si\/#website"},"datePublished":"2020-01-21T08:02:35+00:00","dateModified":"2024-03-10T20:49:50+00:00","description":"Splo\u0161no pogoji podjetja Pi-Modul d.o.o. zajemajo odgovornosti in pravice, ki nastanejo ob sklenitvi poslovnega razmerja oz. sodelovanja.","breadcrumb":{"@id":"https:\/\/www.pimodul.si\/en\/general-terms-and-conditions\/#breadcrumb"},"inLanguage":"en-US","potentialAction":[{"@type":"ReadAction","target":["https:\/\/www.pimodul.si\/en\/general-terms-and-conditions\/"]}]},{"@type":"BreadcrumbList","@id":"https:\/\/www.pimodul.si\/en\/general-terms-and-conditions\/#breadcrumb","itemListElement":[{"@type":"ListItem","position":1,"name":"Home","item":"https:\/\/www.pimodul.si\/en\/"},{"@type":"ListItem","position":2,"name":"General terms and conditions"}]},{"@type":"WebSite","@id":"https:\/\/www.pimodul.si\/#website","url":"https:\/\/www.pimodul.si\/","name":"PI-MODUL","description":"alu stavbno pohi\u0161tvo in modularni mobilni objekti","potentialAction":[{"@type":"SearchAction","target":{"@type":"EntryPoint","urlTemplate":"https:\/\/www.pimodul.si\/?s={search_term_string}"},"query-input":"required name=search_term_string"}],"inLanguage":"en-US"}]}},"_links":{"self":[{"href":"https:\/\/www.pimodul.si\/en\/wp-json\/wp\/v2\/pages\/11654"}],"collection":[{"href":"https:\/\/www.pimodul.si\/en\/wp-json\/wp\/v2\/pages"}],"about":[{"href":"https:\/\/www.pimodul.si\/en\/wp-json\/wp\/v2\/types\/page"}],"author":[{"embeddable":true,"href":"https:\/\/www.pimodul.si\/en\/wp-json\/wp\/v2\/users\/7"}],"replies":[{"embeddable":true,"href":"https:\/\/www.pimodul.si\/en\/wp-json\/wp\/v2\/comments?post=11654"}],"version-history":[{"count":1,"href":"https:\/\/www.pimodul.si\/en\/wp-json\/wp\/v2\/pages\/11654\/revisions"}],"predecessor-version":[{"id":12024,"href":"https:\/\/www.pimodul.si\/en\/wp-json\/wp\/v2\/pages\/11654\/revisions\/12024"}],"wp:attachment":[{"href":"https:\/\/www.pimodul.si\/en\/wp-json\/wp\/v2\/media?parent=11654"}],"curies":[{"name":"wp","href":"https:\/\/api.w.org\/{rel}","templated":true}]}}