{"id":11653,"date":"2018-06-28T15:21:23","date_gmt":"2018-06-28T13:21:23","guid":{"rendered":"https:\/\/www.pimodul.si\/politika-kakovosti\/"},"modified":"2024-03-10T21:52:18","modified_gmt":"2024-03-10T20:52:18","slug":"quality-policy","status":"publish","type":"page","link":"https:\/\/www.pimodul.si\/en\/quality-policy\/","title":{"rendered":"Quality Policy"},"content":{"rendered":"\t\t<div data-elementor-type=\"wp-post\" data-elementor-id=\"11653\" class=\"elementor elementor-11653 elementor-8828\">\n\t\t\t\t\t\t<section class=\"elementor-section elementor-top-section elementor-element elementor-element-51b61f93 elementor-section-boxed elementor-section-height-default elementor-section-height-default\" data-id=\"51b61f93\" data-element_type=\"section\">\n\t\t\t\t\t\t<div class=\"elementor-container elementor-column-gap-default\">\n\t\t\t\t\t<div class=\"elementor-column elementor-col-100 elementor-top-column elementor-element elementor-element-20c0ce0d\" data-id=\"20c0ce0d\" data-element_type=\"column\">\n\t\t\t<div class=\"elementor-widget-wrap elementor-element-populated\">\n\t\t\t\t\t\t<div class=\"elementor-element elementor-element-e433c0d elementor-widget elementor-widget-text-editor\" data-id=\"e433c0d\" data-element_type=\"widget\" data-widget_type=\"text-editor.default\">\n\t\t\t\t<div class=\"elementor-widget-container\">\n\t\t\t\t\t\t\t<h1>Politika kakovosti podjetja Pi-Modul d.o.o.<\/h1><p>Osnovno vodilo vodstva podjetja Pi-Modul je razumevanje poslovnega okolja, zainteresiranih strani in potreb odjemalcev ter ustrezno odzivanje na spremembe, ki se dogajajo. Politika kakovosti je pomemben del politike vodstva podjetja. Vodstvo podjetja se zavezuje, da bo dolgoro\u010dno sledilo viziji in dosegalo postavljene cilje v skladu s strate\u0161kimi usmeritvami. Pri tem bo uveljavljalo vizijo in poslanstvo podjetja, ki temeljita na kakovosti, obvladovanju tveganj, varovanju informacij, varovanju zaposlenih in okolja, vlaganju v zaposlene, zagotavljanju njihove zavzetosti in navsezadnje zavezanosti k nenehnemu izbolj\u0161evanju ter izpopolnjevanju zahtev naro\u010dnikov, zakonodaje in drugih dejavnikov.<\/p><p>Zahteve in pri\u010dakovanja odjemalcev ter drugih zainteresiranih strani uresni\u010dujemo z vzpostavljenim sistemom vodenja kakovosti. Zanj je odgovorno vodstvo dru\u017ebe, za izvajanje in doseganje ciljev na vseh podro\u010djih dela pa vsi zaposleni.<\/p><p>Prvi in najpomembnej\u0161i cilj sistema vodenja kakovosti je izpolnjevanje odjemal\u010devih zahtev in njihovih pri\u010dakovanj.<\/p><p><strong>\u00a0<\/strong><\/p><p><strong>Politiko kakovosti uresni\u010dujemo z doseganjem temeljnih in dolgoro\u010dnih ciljev sistema vodenja kakovosti:<\/strong><\/p><ul><li>povezujemo cilje dru\u017ebe s potrebami in pri\u010dakovanji kupcev;<\/li><li>s timskim delom in projektnim pristopom planiramo ter razvijamo procese, izdelke in storitve, ki izpolnjujejo potrebe in pri\u010dakovanja kupcev;<\/li><li>skrb za ustrezno na\u010drtovanje poslovanja in trajnostni razvoj podjetja;<\/li><li>kakovost na\u010drtujejo in uresni\u010dujejo vsi zaposleni. Vsak zaposlen je odgovoren za kakovost svojega dela, s katerim posledi\u010dno vpliva na poslovni videz dru\u017ebe;<\/li><li>vodstvo omogo\u010da pogoje in na\u010dine za vzpostavitev in vzdr\u017eevanja sistema kakovosti tako, da zagotavlja njegovo neprestano rast;<\/li><li>spodbujanje vseh sodelavcev pri doseganju ciljev in k zavezanosti za kakovost;<\/li><li>skrb za stalno informiranje zaposlenih, njihovo usposabljanje ter dviganje njihove motivacije, kar posledi\u010dno vodi k ve\u010dji pripadnosti zaposlenih do podjetja in njihovem zadovoljstvu;<\/li><li>zavezanost dru\u017ebe za izpolnjevanje zakonskih in drugih zahtev s podro\u010dja kakovosti;<\/li><li>z dobavitelji, lokalno skupnostjo in drugimi zainteresiranimi stranmi vzpostavljamo korektne odnose;<\/li><li>si prizadevamo vzpostaviti in ohranjati skupne vrednote in eti\u010dno obna\u0161anje na vseh ravneh.<\/li><\/ul><div>Ekipa Pi-Modul d.o.o. je ponosna na pridobitev certifikata za sistem vodenja po <b>EN ISO 9001:2015<\/b>, ki smo ga pridobili v letu 2019. Certifikat si lahko ogledate na naslednji povezavi: <strong><a href=\"https:\/\/www.pimodul.si\/wp-content\/uploads\/2020\/04\/Certifikat-T\u00fcv.pdf\">Certifikat EN ISO 9001:2015<\/a><\/strong><\/div>\t\t\t\t\t\t<\/div>\n\t\t\t\t<\/div>\n\t\t\t\t\t<\/div>\n\t\t<\/div>\n\t\t\t\t\t<\/div>\n\t\t<\/section>\n\t\t\t\t<\/div>\n\t\t","protected":false},"excerpt":{"rendered":"<p>Politika kakovosti podjetja Pi-Modul d.o.o. Osnovno vodilo vodstva podjetja Pi-Modul je razumevanje poslovnega okolja, zainteresiranih strani in potreb odjemalcev ter ustrezno odzivanje na spremembe, ki se dogajajo. Politika kakovosti je pomemben del politike vodstva podjetja. Vodstvo podjetja se zavezuje, da bo dolgoro\u010dno sledilo viziji in dosegalo postavljene cilje v skladu s strate\u0161kimi usmeritvami. Pri tem &hellip;<\/p>\n","protected":false},"author":6,"featured_media":0,"parent":0,"menu_order":5,"comment_status":"closed","ping_status":"closed","template":"","meta":{"_monsterinsights_skip_tracking":false,"_monsterinsights_sitenote_active":false,"_monsterinsights_sitenote_note":"","_monsterinsights_sitenote_category":0,"footnotes":""},"yoast_head":"<!-- This site is optimized with the Yoast SEO plugin v22.4 - https:\/\/yoast.com\/wordpress\/plugins\/seo\/ -->\n<title>Politika Kakovosti v Dru\u017einskem Podjetju Pi-Modul d.o.o.<\/title>\n<meta name=\"description\" content=\"Politika kakovosti je pomemben del politike vodstva podjetja, ki se zavezuje, da bo dolgoro\u010dno sledilo in dosegalo postavljene cilje kakovosti.\" \/>\n<meta name=\"robots\" content=\"index, follow, max-snippet:-1, max-image-preview:large, max-video-preview:-1\" \/>\n<link rel=\"canonical\" href=\"https:\/\/www.pimodul.si\/en\/quality-policy\/\" \/>\n<meta property=\"og:locale\" content=\"en_US\" \/>\n<meta property=\"og:type\" content=\"article\" \/>\n<meta property=\"og:title\" content=\"Politika Kakovosti v Dru\u017einskem Podjetju Pi-Modul d.o.o.\" \/>\n<meta property=\"og:description\" content=\"Politika kakovosti je pomemben del politike vodstva podjetja, ki se zavezuje, da bo dolgoro\u010dno sledilo in dosegalo postavljene cilje kakovosti.\" \/>\n<meta property=\"og:url\" content=\"https:\/\/www.pimodul.si\/en\/quality-policy\/\" \/>\n<meta property=\"og:site_name\" content=\"PI-MODUL\" \/>\n<meta property=\"article:modified_time\" content=\"2024-03-10T20:52:18+00:00\" \/>\n<meta name=\"twitter:card\" content=\"summary_large_image\" \/>\n<meta name=\"twitter:label1\" content=\"Est. reading time\" \/>\n\t<meta name=\"twitter:data1\" content=\"2 minutes\" \/>\n<script type=\"application\/ld+json\" class=\"yoast-schema-graph\">{\"@context\":\"https:\/\/schema.org\",\"@graph\":[{\"@type\":\"WebPage\",\"@id\":\"https:\/\/www.pimodul.si\/en\/quality-policy\/\",\"url\":\"https:\/\/www.pimodul.si\/en\/quality-policy\/\",\"name\":\"Politika Kakovosti v Dru\u017einskem Podjetju Pi-Modul d.o.o.\",\"isPartOf\":{\"@id\":\"https:\/\/www.pimodul.si\/#website\"},\"datePublished\":\"2018-06-28T13:21:23+00:00\",\"dateModified\":\"2024-03-10T20:52:18+00:00\",\"description\":\"Politika kakovosti je pomemben del politike vodstva podjetja, ki se zavezuje, da bo dolgoro\u010dno sledilo in dosegalo postavljene cilje kakovosti.\",\"breadcrumb\":{\"@id\":\"https:\/\/www.pimodul.si\/en\/quality-policy\/#breadcrumb\"},\"inLanguage\":\"en-US\",\"potentialAction\":[{\"@type\":\"ReadAction\",\"target\":[\"https:\/\/www.pimodul.si\/en\/quality-policy\/\"]}]},{\"@type\":\"BreadcrumbList\",\"@id\":\"https:\/\/www.pimodul.si\/en\/quality-policy\/#breadcrumb\",\"itemListElement\":[{\"@type\":\"ListItem\",\"position\":1,\"name\":\"Home\",\"item\":\"https:\/\/www.pimodul.si\/en\/\"},{\"@type\":\"ListItem\",\"position\":2,\"name\":\"Quality Policy\"}]},{\"@type\":\"WebSite\",\"@id\":\"https:\/\/www.pimodul.si\/#website\",\"url\":\"https:\/\/www.pimodul.si\/\",\"name\":\"PI-MODUL\",\"description\":\"alu stavbno pohi\u0161tvo in modularni mobilni objekti\",\"potentialAction\":[{\"@type\":\"SearchAction\",\"target\":{\"@type\":\"EntryPoint\",\"urlTemplate\":\"https:\/\/www.pimodul.si\/?s={search_term_string}\"},\"query-input\":\"required name=search_term_string\"}],\"inLanguage\":\"en-US\"}]}<\/script>\n<!-- \/ Yoast SEO plugin. -->","yoast_head_json":{"title":"Politika Kakovosti v Dru\u017einskem Podjetju Pi-Modul d.o.o.","description":"Politika kakovosti je pomemben del politike vodstva podjetja, ki se zavezuje, da bo dolgoro\u010dno sledilo in dosegalo postavljene cilje kakovosti.","robots":{"index":"index","follow":"follow","max-snippet":"max-snippet:-1","max-image-preview":"max-image-preview:large","max-video-preview":"max-video-preview:-1"},"canonical":"https:\/\/www.pimodul.si\/en\/quality-policy\/","og_locale":"en_US","og_type":"article","og_title":"Politika Kakovosti v Dru\u017einskem Podjetju Pi-Modul d.o.o.","og_description":"Politika kakovosti je pomemben del politike vodstva podjetja, ki se zavezuje, da bo dolgoro\u010dno sledilo in dosegalo postavljene cilje kakovosti.","og_url":"https:\/\/www.pimodul.si\/en\/quality-policy\/","og_site_name":"PI-MODUL","article_modified_time":"2024-03-10T20:52:18+00:00","twitter_card":"summary_large_image","twitter_misc":{"Est. reading time":"2 minutes"},"schema":{"@context":"https:\/\/schema.org","@graph":[{"@type":"WebPage","@id":"https:\/\/www.pimodul.si\/en\/quality-policy\/","url":"https:\/\/www.pimodul.si\/en\/quality-policy\/","name":"Politika Kakovosti v Dru\u017einskem Podjetju Pi-Modul d.o.o.","isPartOf":{"@id":"https:\/\/www.pimodul.si\/#website"},"datePublished":"2018-06-28T13:21:23+00:00","dateModified":"2024-03-10T20:52:18+00:00","description":"Politika kakovosti je pomemben del politike vodstva podjetja, ki se zavezuje, da bo dolgoro\u010dno sledilo in dosegalo postavljene cilje kakovosti.","breadcrumb":{"@id":"https:\/\/www.pimodul.si\/en\/quality-policy\/#breadcrumb"},"inLanguage":"en-US","potentialAction":[{"@type":"ReadAction","target":["https:\/\/www.pimodul.si\/en\/quality-policy\/"]}]},{"@type":"BreadcrumbList","@id":"https:\/\/www.pimodul.si\/en\/quality-policy\/#breadcrumb","itemListElement":[{"@type":"ListItem","position":1,"name":"Home","item":"https:\/\/www.pimodul.si\/en\/"},{"@type":"ListItem","position":2,"name":"Quality Policy"}]},{"@type":"WebSite","@id":"https:\/\/www.pimodul.si\/#website","url":"https:\/\/www.pimodul.si\/","name":"PI-MODUL","description":"alu stavbno pohi\u0161tvo in modularni mobilni objekti","potentialAction":[{"@type":"SearchAction","target":{"@type":"EntryPoint","urlTemplate":"https:\/\/www.pimodul.si\/?s={search_term_string}"},"query-input":"required name=search_term_string"}],"inLanguage":"en-US"}]}},"_links":{"self":[{"href":"https:\/\/www.pimodul.si\/en\/wp-json\/wp\/v2\/pages\/11653"}],"collection":[{"href":"https:\/\/www.pimodul.si\/en\/wp-json\/wp\/v2\/pages"}],"about":[{"href":"https:\/\/www.pimodul.si\/en\/wp-json\/wp\/v2\/types\/page"}],"author":[{"embeddable":true,"href":"https:\/\/www.pimodul.si\/en\/wp-json\/wp\/v2\/users\/6"}],"replies":[{"embeddable":true,"href":"https:\/\/www.pimodul.si\/en\/wp-json\/wp\/v2\/comments?post=11653"}],"version-history":[{"count":1,"href":"https:\/\/www.pimodul.si\/en\/wp-json\/wp\/v2\/pages\/11653\/revisions"}],"predecessor-version":[{"id":12026,"href":"https:\/\/www.pimodul.si\/en\/wp-json\/wp\/v2\/pages\/11653\/revisions\/12026"}],"wp:attachment":[{"href":"https:\/\/www.pimodul.si\/en\/wp-json\/wp\/v2\/media?parent=11653"}],"curies":[{"name":"wp","href":"https:\/\/api.w.org\/{rel}","templated":true}]}}