{"id":11640,"date":"2018-03-12T23:24:51","date_gmt":"2018-03-12T22:24:51","guid":{"rendered":"https:\/\/www.pimodul.si\/piskotki\/"},"modified":"2024-02-02T20:12:01","modified_gmt":"2024-02-02T19:12:01","slug":"cookies","status":"publish","type":"page","link":"https:\/\/www.pimodul.si\/en\/cookies\/","title":{"rendered":"Cookies"},"content":{"rendered":"\t\t<div data-elementor-type=\"wp-post\" data-elementor-id=\"11640\" class=\"elementor elementor-11640 elementor-8328 elementor-bc-flex-widget\">\n\t\t\t\t\t\t<section class=\"elementor-section elementor-top-section elementor-element elementor-element-uyn0rdx elementor-section-boxed elementor-section-height-default elementor-section-height-default\" data-id=\"uyn0rdx\" data-element_type=\"section\">\n\t\t\t\t\t\t<div class=\"elementor-container elementor-column-gap-default\">\n\t\t\t\t\t<div class=\"elementor-column elementor-col-100 elementor-top-column elementor-element elementor-element-f4sgr1f\" data-id=\"f4sgr1f\" data-element_type=\"column\">\n\t\t\t<div class=\"elementor-widget-wrap elementor-element-populated\">\n\t\t\t\t\t\t<div class=\"elementor-element elementor-element-zwh4qtc elementor-widget elementor-widget-heading\" data-id=\"zwh4qtc\" data-element_type=\"widget\" data-widget_type=\"heading.default\">\n\t\t\t\t<div class=\"elementor-widget-container\">\n\t\t\t<h1 class=\"elementor-heading-title elementor-size-xl\">Pi\u0161kotki<\/h1>\t\t<\/div>\n\t\t\t\t<\/div>\n\t\t\t\t\t<\/div>\n\t\t<\/div>\n\t\t\t\t\t<\/div>\n\t\t<\/section>\n\t\t\t\t<section class=\"elementor-section elementor-top-section elementor-element elementor-element-h49i40h elementor-section-boxed elementor-section-height-default elementor-section-height-default\" data-id=\"h49i40h\" data-element_type=\"section\">\n\t\t\t\t\t\t<div class=\"elementor-container elementor-column-gap-default\">\n\t\t\t\t\t<div class=\"elementor-column elementor-col-100 elementor-top-column elementor-element elementor-element-d572wjo\" data-id=\"d572wjo\" data-element_type=\"column\">\n\t\t\t<div class=\"elementor-widget-wrap elementor-element-populated\">\n\t\t\t\t\t\t<div class=\"elementor-element elementor-element-nrc9dyh elementor-widget-divider--view-line elementor-widget elementor-widget-divider\" data-id=\"nrc9dyh\" data-element_type=\"widget\" data-widget_type=\"divider.default\">\n\t\t\t\t<div class=\"elementor-widget-container\">\n\t\t\t\t\t<div class=\"elementor-divider\">\n\t\t\t<span class=\"elementor-divider-separator\">\n\t\t\t\t\t\t<\/span>\n\t\t<\/div>\n\t\t\t\t<\/div>\n\t\t\t\t<\/div>\n\t\t\t\t<div class=\"elementor-element elementor-element-o32y67r elementor-widget elementor-widget-text-editor\" data-id=\"o32y67r\" data-element_type=\"widget\" data-widget_type=\"text-editor.default\">\n\t\t\t\t<div class=\"elementor-widget-container\">\n\t\t\t\t\t\t\t<h3>1. O pi\u0161kotkih<\/h3>\nPi\u0161kotki\u00a0<b>niso ni\u010d novega<\/b>, vsi obiskovalci spletnih strani imamo na svojih ra\u010dunalnikih, tablicah, mobitelih shranjenih \u017ee veliko pi\u0161kotkov z razli\u010dnih spletnih strani. Novo je zgolj to, da z novo zakonodajo (ZEKom-1) prihaja do sprememb glede obve\u0161\u010danja oz. sogla\u0161anja obiskovalcev z njihovo uporabo.\t\t\t\t\t\t<\/div>\n\t\t\t\t<\/div>\n\t\t\t\t<div class=\"elementor-element elementor-element-7cqrjkn elementor-widget-divider--view-line elementor-widget elementor-widget-divider\" data-id=\"7cqrjkn\" data-element_type=\"widget\" data-widget_type=\"divider.default\">\n\t\t\t\t<div class=\"elementor-widget-container\">\n\t\t\t\t\t<div class=\"elementor-divider\">\n\t\t\t<span class=\"elementor-divider-separator\">\n\t\t\t\t\t\t<\/span>\n\t\t<\/div>\n\t\t\t\t<\/div>\n\t\t\t\t<\/div>\n\t\t\t\t<div class=\"elementor-element elementor-element-l99i67b elementor-widget elementor-widget-text-editor\" data-id=\"l99i67b\" data-element_type=\"widget\" data-widget_type=\"text-editor.default\">\n\t\t\t\t<div class=\"elementor-widget-container\">\n\t\t\t\t\t\t\t<h3>2. Kaj so pi\u0161kotki?<\/h3>\nSo male besedilne datoteke, ki jih ve\u010dina spletnih mest shrani v naprave, s katerimi uporabniki dostopajo do interneta z namenom prepoznavanja posameznih naprav, ki so jih uporabniki uporabili pri dostopu. Njihovo shranjevanje je pod popolnim nadzorom brskalnika, ki ga ima uporabnik \u2013 ta lahko\u00a0<b>shranjevanje pi\u0161kotkov po \u017eelji omeji ali onemogo\u010di<\/b>. Pi\u0161kotki\u00a0<b>niso \u0161kodljivi<\/b>\u00a0in\u00a0<b>so vedno \u010dasovno omejeni.<\/b>\t\t\t\t\t\t<\/div>\n\t\t\t\t<\/div>\n\t\t\t\t<div class=\"elementor-element elementor-element-yty1n5l elementor-widget-divider--view-line elementor-widget elementor-widget-divider\" data-id=\"yty1n5l\" data-element_type=\"widget\" data-widget_type=\"divider.default\">\n\t\t\t\t<div class=\"elementor-widget-container\">\n\t\t\t\t\t<div class=\"elementor-divider\">\n\t\t\t<span class=\"elementor-divider-separator\">\n\t\t\t\t\t\t<\/span>\n\t\t<\/div>\n\t\t\t\t<\/div>\n\t\t\t\t<\/div>\n\t\t\t\t<div class=\"elementor-element elementor-element-ommnia2 elementor-widget elementor-widget-text-editor\" data-id=\"ommnia2\" data-element_type=\"widget\" data-widget_type=\"text-editor.default\">\n\t\t\t\t<div class=\"elementor-widget-container\">\n\t\t\t\t\t\t\t<h3>3. Zakaj so pi\u0161kotki potrebni?<\/h3>\nSo temeljnega pomena za\u00a0<b>zagotavljanje uporabniku prijaznih spletnih storitev.<\/b>\u00a0Interakcija med spletnim uporabnikom in spletnim mestom je s pomo\u010djo pi\u0161kotkov hitrej\u0161a in enostavnej\u0161a. Z njihovo pomo\u010djo si spletno mesto zapomni posameznikove preference in izku\u0161nje, s tem je prihranjen \u010das, brskanje po spletnih mestih pa bolj u\u010dinkovito in prijazno.\n<h4>Nekaj konkretnih primerov uporabe pi\u0161kotkov:<\/h4>\n<div class=\"shortcode-list bullet2\">\n<ul>\n \t<li>za<strong>\u00a0bolj\u0161o uporabni\u0161ko izku\u0161njo<\/strong>\u00a0spletne strani obiskovalcem prilagodimo prikaz vsebine glede na pretekle obiske<\/li>\n \t<li>za<strong>\u00a0shranjevanje izbire<\/strong>\u00a0pri ustvarjanju o\u017ejega izbora naprav in ponudbe ter njihove primerjave<\/li>\n \t<li>za prepoznavanje va\u0161e naprave (ra\u010dunalnik, tablica, mobitel), ki omogo\u010da\u00a0<strong>prilagajanje prikaza vsebine va\u0161i napravi<\/strong><\/li>\n \t<li>za\u00a0<strong>spremljanje obiska<\/strong>, kar omogo\u010da preverjanje u\u010dinkovitosti prikaza vsebin in stalno izbolj\u0161avo spletnih strani<\/li>\n \t<li>za\u00a0<strong>delovanje dolo\u010denih storitev so nujni<\/strong>\u00a0(npr. spletne banke, spletne trgovine in druge oblike e-poslovanja, &#8230;)<\/li>\n<\/ul>\n<\/div>\t\t\t\t\t\t<\/div>\n\t\t\t\t<\/div>\n\t\t\t\t<div class=\"elementor-element elementor-element-88ey2kz elementor-widget-divider--view-line elementor-widget elementor-widget-divider\" data-id=\"88ey2kz\" data-element_type=\"widget\" data-widget_type=\"divider.default\">\n\t\t\t\t<div class=\"elementor-widget-container\">\n\t\t\t\t\t<div class=\"elementor-divider\">\n\t\t\t<span class=\"elementor-divider-separator\">\n\t\t\t\t\t\t<\/span>\n\t\t<\/div>\n\t\t\t\t<\/div>\n\t\t\t\t<\/div>\n\t\t\t\t<div class=\"elementor-element elementor-element-jqmkfja elementor-widget elementor-widget-text-editor\" data-id=\"jqmkfja\" data-element_type=\"widget\" data-widget_type=\"text-editor.default\">\n\t\t\t\t<div class=\"elementor-widget-container\">\n\t\t\t\t\t\t\t<h3>4. Onemogo\u010denje pi\u0161kotkov<\/h3><p>Vi odlo\u010dite, ali boste dovolili shranjevanje pi\u0161kotkov na va\u0161i napravi. Nastavitve za pi\u0161kotke lahko nadzirate in spreminjate v va\u0161em spletnem brskalniku.<\/p><p>Za ve\u010d informacij o nastavitvah za pi\u0161kotke izberite spletni brskalnik, ki ga uporabljate.<\/p><div class=\"shortcode-list bullet2\"><ul><li><a href=\"https:\/\/support.google.com\/chrome\/bin\/answer.py?hl=sl-sl&amp;answer=95647&amp;p=cpn_cookies\">Chrome<\/a><\/li><li><a href=\"http:\/\/support.mozilla.org\/sl\/kb\/Kako%20aktivirate%20in%20deaktivirate%20pi%C5%A1kote\">Firefox<\/a><\/li><li><a href=\"http:\/\/windows.microsoft.com\/sl-si\/windows-vista\/block-or-allow-cookies\">Internet Explorer<\/a><\/li><li><a href=\"http:\/\/www.opera.com\/browser\/tutorials\/security\/privacy\/\">Opera<\/a><\/li><li><a href=\"http:\/\/docs.info.apple.com\/article.html?path=Safari\/5.0\/en\/11471.html\">Safari<\/a><\/li><\/ul><\/div>\t\t\t\t\t\t<\/div>\n\t\t\t\t<\/div>\n\t\t\t\t<div class=\"elementor-element elementor-element-7ysbnue elementor-widget-divider--view-line elementor-widget elementor-widget-divider\" data-id=\"7ysbnue\" data-element_type=\"widget\" data-widget_type=\"divider.default\">\n\t\t\t\t<div class=\"elementor-widget-container\">\n\t\t\t\t\t<div class=\"elementor-divider\">\n\t\t\t<span class=\"elementor-divider-separator\">\n\t\t\t\t\t\t<\/span>\n\t\t<\/div>\n\t\t\t\t<\/div>\n\t\t\t\t<\/div>\n\t\t\t\t<div class=\"elementor-element elementor-element-hy1yc8l elementor-widget elementor-widget-text-editor\" data-id=\"hy1yc8l\" data-element_type=\"widget\" data-widget_type=\"text-editor.default\">\n\t\t\t\t<div class=\"elementor-widget-container\">\n\t\t\t\t\t\t\t<h5>Zavezujemo se, da pi\u0161kotkov ne bomo uporabljali za zbiranje osebnih podatkov o uporabnikih. \u010ce izklopite pi\u0161kotke, so lahko nekatere mo\u017enosti spletne strani onemogo\u010dene.<\/h5>\t\t\t\t\t\t<\/div>\n\t\t\t\t<\/div>\n\t\t\t\t<div class=\"elementor-element elementor-element-agafgs6 elementor-widget-divider--view-line elementor-widget elementor-widget-divider\" data-id=\"agafgs6\" data-element_type=\"widget\" data-widget_type=\"divider.default\">\n\t\t\t\t<div class=\"elementor-widget-container\">\n\t\t\t\t\t<div class=\"elementor-divider\">\n\t\t\t<span class=\"elementor-divider-separator\">\n\t\t\t\t\t\t<\/span>\n\t\t<\/div>\n\t\t\t\t<\/div>\n\t\t\t\t<\/div>\n\t\t\t\t\t<\/div>\n\t\t<\/div>\n\t\t\t\t\t<\/div>\n\t\t<\/section>\n\t\t\t\t<\/div>\n\t\t","protected":false},"excerpt":{"rendered":"<p>Pi\u0161kotki 1. O pi\u0161kotkih Pi\u0161kotki\u00a0niso ni\u010d novega, vsi obiskovalci spletnih strani imamo na svojih ra\u010dunalnikih, tablicah, mobitelih shranjenih \u017ee veliko pi\u0161kotkov z razli\u010dnih spletnih strani. Novo je zgolj to, da z novo zakonodajo (ZEKom-1) prihaja do sprememb glede obve\u0161\u010danja oz. sogla\u0161anja obiskovalcev z njihovo uporabo. 2. Kaj so pi\u0161kotki? So male besedilne datoteke, ki jih &hellip;<\/p>\n","protected":false},"author":6,"featured_media":0,"parent":0,"menu_order":30,"comment_status":"closed","ping_status":"closed","template":"","meta":{"_monsterinsights_skip_tracking":false,"_monsterinsights_sitenote_active":false,"_monsterinsights_sitenote_note":"","_monsterinsights_sitenote_category":0,"footnotes":""},"yoast_head":"<!-- This site is optimized with the Yoast SEO plugin v22.4 - https:\/\/yoast.com\/wordpress\/plugins\/seo\/ -->\n<title>Uporaba Pi\u0161kotkov na Spletni Strani Podjetja Pi-Modul d.o.o.<\/title>\n<meta name=\"description\" content=\"Vsi obiskovalci spletnih strani imamo na svojih ra\u010dunalnikih, tablicah, mobitelih shranjenih \u017ee veliko pi\u0161kotkov z razli\u010dnih spletnih strani.\" \/>\n<meta name=\"robots\" content=\"index, follow, max-snippet:-1, max-image-preview:large, max-video-preview:-1\" \/>\n<link rel=\"canonical\" href=\"https:\/\/www.pimodul.si\/piskotki\/\" \/>\n<meta property=\"og:locale\" content=\"en_US\" \/>\n<meta property=\"og:type\" content=\"article\" \/>\n<meta property=\"og:title\" content=\"Uporaba Pi\u0161kotkov na Spletni Strani Podjetja Pi-Modul d.o.o.\" \/>\n<meta property=\"og:description\" content=\"Vsi obiskovalci spletnih strani imamo na svojih ra\u010dunalnikih, tablicah, mobitelih shranjenih \u017ee veliko pi\u0161kotkov z razli\u010dnih spletnih strani.\" \/>\n<meta property=\"og:url\" content=\"https:\/\/www.pimodul.si\/piskotki\/\" \/>\n<meta property=\"og:site_name\" content=\"PI-MODUL\" \/>\n<meta property=\"article:modified_time\" content=\"2024-02-02T19:12:01+00:00\" \/>\n<meta name=\"twitter:card\" content=\"summary_large_image\" \/>\n<meta name=\"twitter:label1\" content=\"Est. reading time\" \/>\n\t<meta name=\"twitter:data1\" content=\"2 minutes\" \/>\n<script type=\"application\/ld+json\" class=\"yoast-schema-graph\">{\"@context\":\"https:\/\/schema.org\",\"@graph\":[{\"@type\":\"WebPage\",\"@id\":\"https:\/\/www.pimodul.si\/piskotki\/\",\"url\":\"https:\/\/www.pimodul.si\/piskotki\/\",\"name\":\"Uporaba Pi\u0161kotkov na Spletni Strani Podjetja Pi-Modul d.o.o.\",\"isPartOf\":{\"@id\":\"https:\/\/www.pimodul.si\/#website\"},\"datePublished\":\"2018-03-12T22:24:51+00:00\",\"dateModified\":\"2024-02-02T19:12:01+00:00\",\"description\":\"Vsi obiskovalci spletnih strani imamo na svojih ra\u010dunalnikih, tablicah, mobitelih shranjenih \u017ee veliko pi\u0161kotkov z razli\u010dnih spletnih strani.\",\"breadcrumb\":{\"@id\":\"https:\/\/www.pimodul.si\/piskotki\/#breadcrumb\"},\"inLanguage\":\"en-US\",\"potentialAction\":[{\"@type\":\"ReadAction\",\"target\":[\"https:\/\/www.pimodul.si\/piskotki\/\"]}]},{\"@type\":\"BreadcrumbList\",\"@id\":\"https:\/\/www.pimodul.si\/piskotki\/#breadcrumb\",\"itemListElement\":[{\"@type\":\"ListItem\",\"position\":1,\"name\":\"Home\",\"item\":\"https:\/\/www.pimodul.si\/en\/\"},{\"@type\":\"ListItem\",\"position\":2,\"name\":\"Cookies\"}]},{\"@type\":\"WebSite\",\"@id\":\"https:\/\/www.pimodul.si\/#website\",\"url\":\"https:\/\/www.pimodul.si\/\",\"name\":\"PI-MODUL\",\"description\":\"alu stavbno pohi\u0161tvo in modularni mobilni objekti\",\"potentialAction\":[{\"@type\":\"SearchAction\",\"target\":{\"@type\":\"EntryPoint\",\"urlTemplate\":\"https:\/\/www.pimodul.si\/?s={search_term_string}\"},\"query-input\":\"required name=search_term_string\"}],\"inLanguage\":\"en-US\"}]}<\/script>\n<!-- \/ Yoast SEO plugin. -->","yoast_head_json":{"title":"Uporaba Pi\u0161kotkov na Spletni Strani Podjetja Pi-Modul d.o.o.","description":"Vsi obiskovalci spletnih strani imamo na svojih ra\u010dunalnikih, tablicah, mobitelih shranjenih \u017ee veliko pi\u0161kotkov z razli\u010dnih spletnih strani.","robots":{"index":"index","follow":"follow","max-snippet":"max-snippet:-1","max-image-preview":"max-image-preview:large","max-video-preview":"max-video-preview:-1"},"canonical":"https:\/\/www.pimodul.si\/piskotki\/","og_locale":"en_US","og_type":"article","og_title":"Uporaba Pi\u0161kotkov na Spletni Strani Podjetja Pi-Modul d.o.o.","og_description":"Vsi obiskovalci spletnih strani imamo na svojih ra\u010dunalnikih, tablicah, mobitelih shranjenih \u017ee veliko pi\u0161kotkov z razli\u010dnih spletnih strani.","og_url":"https:\/\/www.pimodul.si\/piskotki\/","og_site_name":"PI-MODUL","article_modified_time":"2024-02-02T19:12:01+00:00","twitter_card":"summary_large_image","twitter_misc":{"Est. reading time":"2 minutes"},"schema":{"@context":"https:\/\/schema.org","@graph":[{"@type":"WebPage","@id":"https:\/\/www.pimodul.si\/piskotki\/","url":"https:\/\/www.pimodul.si\/piskotki\/","name":"Uporaba Pi\u0161kotkov na Spletni Strani Podjetja Pi-Modul d.o.o.","isPartOf":{"@id":"https:\/\/www.pimodul.si\/#website"},"datePublished":"2018-03-12T22:24:51+00:00","dateModified":"2024-02-02T19:12:01+00:00","description":"Vsi obiskovalci spletnih strani imamo na svojih ra\u010dunalnikih, tablicah, mobitelih shranjenih \u017ee veliko pi\u0161kotkov z razli\u010dnih spletnih strani.","breadcrumb":{"@id":"https:\/\/www.pimodul.si\/piskotki\/#breadcrumb"},"inLanguage":"en-US","potentialAction":[{"@type":"ReadAction","target":["https:\/\/www.pimodul.si\/piskotki\/"]}]},{"@type":"BreadcrumbList","@id":"https:\/\/www.pimodul.si\/piskotki\/#breadcrumb","itemListElement":[{"@type":"ListItem","position":1,"name":"Home","item":"https:\/\/www.pimodul.si\/en\/"},{"@type":"ListItem","position":2,"name":"Cookies"}]},{"@type":"WebSite","@id":"https:\/\/www.pimodul.si\/#website","url":"https:\/\/www.pimodul.si\/","name":"PI-MODUL","description":"alu stavbno pohi\u0161tvo in modularni mobilni objekti","potentialAction":[{"@type":"SearchAction","target":{"@type":"EntryPoint","urlTemplate":"https:\/\/www.pimodul.si\/?s={search_term_string}"},"query-input":"required name=search_term_string"}],"inLanguage":"en-US"}]}},"_links":{"self":[{"href":"https:\/\/www.pimodul.si\/en\/wp-json\/wp\/v2\/pages\/11640"}],"collection":[{"href":"https:\/\/www.pimodul.si\/en\/wp-json\/wp\/v2\/pages"}],"about":[{"href":"https:\/\/www.pimodul.si\/en\/wp-json\/wp\/v2\/types\/page"}],"author":[{"embeddable":true,"href":"https:\/\/www.pimodul.si\/en\/wp-json\/wp\/v2\/users\/6"}],"replies":[{"embeddable":true,"href":"https:\/\/www.pimodul.si\/en\/wp-json\/wp\/v2\/comments?post=11640"}],"version-history":[{"count":1,"href":"https:\/\/www.pimodul.si\/en\/wp-json\/wp\/v2\/pages\/11640\/revisions"}],"predecessor-version":[{"id":11641,"href":"https:\/\/www.pimodul.si\/en\/wp-json\/wp\/v2\/pages\/11640\/revisions\/11641"}],"wp:attachment":[{"href":"https:\/\/www.pimodul.si\/en\/wp-json\/wp\/v2\/media?parent=11640"}],"curies":[{"name":"wp","href":"https:\/\/api.w.org\/{rel}","templated":true}]}}